{"id":1209,"date":"2019-09-06T13:16:30","date_gmt":"2019-09-06T13:16:30","guid":{"rendered":"https:\/\/aperitif.qodeinteractive.com\/?page_id=1209"},"modified":"2024-10-10T08:42:41","modified_gmt":"2024-10-10T06:42:41","slug":"contact-us","status":"publish","type":"page","link":"https:\/\/www.maisonbruyereetdavid.fr\/index.php\/contact-us\/","title":{"rendered":"Contact"},"content":{"rendered":"<p>[vc_row row_content_width=\u00a0\u00bbgrid\u00a0\u00bb css=\u00a0\u00bb.vc_custom_1570451516908{padding-top: 135px !important;}\u00a0\u00bb][vc_column width=\u00a0\u00bb1\/6&Prime; offset=\u00a0\u00bbvc_col-lg-3\/5&Prime;]<div class=\"qodef-shortcode qodef-m  qodef-section-title qodef-alignment--left \">\n\t\t<h5 class=\"qodef-m-title\" >\n\t\tMaison Bruy\u00e8re et David\t\t<\/h5>\n\t\t<\/div><div class=\"qodef-shortcode qodef-m  qodef-section-title qodef-alignment--left \">\n\t\t\t<\/div>[vc_empty_space height=\u00a0\u00bb22px\u00a0\u00bb]<div class=\"qodef-shortcode qodef-m  qodef-icon-with-text qodef-layout--before-content qodef--icon-pack\">\n\t<div class=\"qodef-m-icon-wrapper\">\n\t\t<span class=\"qodef-shortcode qodef-m  qodef-icon-holder qodef-size--default qodef-layout--normal\"  style=\"color: #9e002a\">\t    <span class=\"qodef-icon-linea-icons icon-basic-geolocalize-05 qodef-icon qodef-e\" style=\"font-size:21px\" ><\/span>    <\/span>\t<\/div>\n\t<div class=\"qodef-m-content\">\n\t\t\t\t\t\t<p class=\"qodef-m-text\" style=\"margin-top: -2px;color: #817c7b\">675 Route du col<\/p>\n\t\t<\/div>\n<\/div>[vc_empty_space height=\u00a0\u00bb15&Prime;]<div class=\"qodef-shortcode qodef-m  qodef-icon-with-text qodef-layout--before-content qodef--icon-pack\">\n\t<div class=\"qodef-m-icon-wrapper\">\n\t\t<span class=\"qodef-shortcode qodef-m  qodef-icon-holder qodef-size--default qodef-layout--normal\"  style=\"color: #ffffff\">\t    <span class=\"qodef-icon-linea-icons icon-basic-geolocalize-05 qodef-icon qodef-e\" style=\"font-size:21px\" ><\/span>    <\/span>\t<\/div>\n\t<div class=\"qodef-m-content\">\n\t\t\t\t\t\t<p class=\"qodef-m-text\" style=\"margin-top: -2px;color: #817c7b\">42410 LA CHAPELLE VILLARS<\/p>\n\t\t<\/div>\n<\/div>[vc_empty_space height=\u00a0\u00bb30&Prime;]<div class=\"qodef-shortcode qodef-m  qodef-icon-with-text qodef-layout--before-content qodef--icon-pack\">\n\t<div class=\"qodef-m-icon-wrapper\">\n\t\t<span class=\"qodef-shortcode qodef-m  qodef-icon-holder qodef-size--default qodef-layout--normal\"  style=\"color: #9e002a\">\t    <span class=\"qodef-icon-linea-icons icon-basic-smartphone qodef-icon qodef-e\" style=\"font-size:21px\" ><\/span>    <\/span>\t<\/div>\n\t<div class=\"qodef-m-content\">\n\t\t\t\t\t\t<p class=\"qodef-m-text\" style=\"margin-top: -2px;color: #817c7b\">Sylvain DAVID : +336 23 16 30 26<\/p>\n\t\t<\/div>\n<\/div>[vc_empty_space height=\u00a0\u00bb15&Prime;]<div class=\"qodef-shortcode qodef-m  qodef-icon-with-text qodef-layout--before-content qodef--icon-pack\">\n\t<div class=\"qodef-m-icon-wrapper\">\n\t\t<span class=\"qodef-shortcode qodef-m  qodef-icon-holder qodef-size--default qodef-layout--normal\"  style=\"color: #ffffff\">\t    <span class=\"qodef-icon-linea-icons icon-basic-smartphone qodef-icon qodef-e\" style=\"font-size:21px\" ><\/span>    <\/span>\t<\/div>\n\t<div class=\"qodef-m-content\">\n\t\t\t\t\t\t<p class=\"qodef-m-text\" style=\"margin-top: -5px;color: #817c7b\">Justin BRUYERE : +336 37 13 12 23<\/p>\n\t\t<\/div>\n<\/div>[vc_empty_space height=\u00a0\u00bb30&Prime;]<div class=\"qodef-shortcode qodef-m  qodef-icon-with-text qodef-layout--before-content qodef--icon-pack\">\n\t<div class=\"qodef-m-icon-wrapper\">\n\t\t<span class=\"qodef-shortcode qodef-m  qodef-icon-holder qodef-size--default qodef-layout--normal\"  style=\"color: #9e002a\">\t\t\t<a itemprop=\"url\" href=\"mailto:maison.bruyereetdavid@gmail.com\" target=\"_blank\">        <span class=\"qodef-icon-linea-icons icon-basic-mail qodef-icon qodef-e\" style=\"font-size:21px\" ><\/span>            <\/a>\t<\/span>\t<\/div>\n\t<div class=\"qodef-m-content\">\n\t\t\t\t\t\t\t<a itemprop=\"url\" href=\"mailto:maison.bruyereetdavid@gmail.com\" target=\"_blank\">\n\t\t<p class=\"qodef-m-text\" style=\"margin-top: -2px;color: #817c7b\">maison.bruyereetdavid@gmail.com<\/p>\n\t\t\t<\/a>\n\t\t<\/div>\n<\/div>[vc_empty_space height=\u00a0\u00bb10px\u00a0\u00bb][\/vc_column][\/vc_row][vc_row gap=\u00a0\u00bb30&Prime; row_content_width=\u00a0\u00bbgrid\u00a0\u00bb][vc_column offset=\u00a0\u00bbvc_col-lg-6&Prime; css=\u00a0\u00bb.vc_custom_1570451948659{margin-top: -12px !important;padding-top: 65px !important;padding-bottom: 125px !important;}\u00a0\u00bb column_responsive_padding_680=\u00a0\u00bb35px 4% 0px\u00a0\u00bb column_responsive_padding_1440=\u00a0\u00bb65px 0 95px\u00a0\u00bb column_responsive_padding_1366=\u00a0\u00bb65px 0 95px\u00a0\u00bb column_responsive_padding_1280=\u00a0\u00bb65px 0 95px\u00a0\u00bb column_responsive_padding_1024=\u00a0\u00bb65px 11% 15px 2%\u00a0\u00bb column_responsive_padding_768=\u00a0\u00bb65px 2% 15px\u00a0\u00bb][vc_empty_space height=\u00a0\u00bb15px\u00a0\u00bb]<div class=\"qodef-shortcode qodef-m  qodef-section-title qodef-alignment--left \">\n\t\t<h3 class=\"qodef-m-title\" >\n\t\tContactez nous\t\t<\/h3>\n\t\t<p class=\"qodef-m-subtitle\" style=\"color: #9e002a\">Une question ? une demande d&#039;informations ? Contactez-nous via le formulaire ci-dessous<\/p>\n\t<\/div><div role=\"form\" class=\"wpcf7\" id=\"wpcf7-f1238-o1\" lang=\"en-US\" dir=\"ltr\">\n<div class=\"screen-reader-response\"><p role=\"status\" aria-live=\"polite\" aria-atomic=\"true\"><\/p> <ul><\/ul><\/div>\n<form action=\"\/index.php\/wp-json\/wp\/v2\/pages\/1209#wpcf7-f1238-o1\" method=\"post\" class=\"wpcf7-form init\" novalidate=\"novalidate\" data-status=\"init\">\n<div style=\"display: none;\">\n<input type=\"hidden\" name=\"_wpcf7\" value=\"1238\" \/>\n<input type=\"hidden\" name=\"_wpcf7_version\" value=\"5.4.1\" \/>\n<input type=\"hidden\" name=\"_wpcf7_locale\" value=\"en_US\" \/>\n<input type=\"hidden\" name=\"_wpcf7_unit_tag\" value=\"wpcf7-f1238-o1\" \/>\n<input type=\"hidden\" name=\"_wpcf7_container_post\" value=\"0\" \/>\n<input type=\"hidden\" name=\"_wpcf7_posted_data_hash\" value=\"\" \/>\n<\/div>\n<div><span class=\"wpcf7-form-control-wrap your-name\"><input type=\"text\" name=\"your-name\" value=\"\" size=\"40\" class=\"wpcf7-form-control wpcf7-text\" aria-invalid=\"false\" placeholder=\"Entrer votre nom ici ...*\" \/><\/span><\/div>\n<div><span class=\"wpcf7-form-control-wrap your-email\"><input type=\"text\" name=\"your-email\" value=\"\" size=\"40\" class=\"wpcf7-form-control wpcf7-text\" aria-invalid=\"false\" placeholder=\"Entrer votre mail ici ... *\" \/><\/span><\/div>\n<div><span class=\"wpcf7-form-control-wrap your-number\"><input type=\"text\" name=\"your-number\" value=\"\" size=\"40\" class=\"wpcf7-form-control wpcf7-text\" aria-invalid=\"false\" placeholder=\"Entrer votre num\u00e9ro de t\u00e9l\u00e9phone ici ... *\" \/><\/span><\/div>\n<div><span class=\"wpcf7-form-control-wrap your-message\"><textarea name=\"your-message\" cols=\"40\" rows=\"4\" class=\"wpcf7-form-control wpcf7-textarea\" aria-invalid=\"false\" placeholder=\"Taper votre message ici ... *\"><\/textarea><\/span><\/div>\n<div><button type=\"submit\" class=\"wpcf7-form-control wpcf7-submit qodef-button qodef-size--normal qodef-type--filled qodef-m\"><span class=\"qodef-m-text\">Envoyer<\/span><\/button><\/div>\n<div class=\"wpcf7-response-output\" aria-hidden=\"true\"><\/div><\/form><\/div>[vc_empty_space][\/vc_column][vc_column offset=\u00a0\u00bbvc_col-lg-6&Prime; css=\u00a0\u00bb.vc_custom_1570451985904{padding-top: 65px !important;padding-bottom: 125px !important;}\u00a0\u00bb column_responsive_padding_680=\u00a0\u00bb40px 15px 125px\u00a0\u00bb]<div class=\"qodef-shortcode qodef-m  qodef-google-map\">\n\t<div class=\"qodef-m-map\"\n\t     id=\"qodef-map-id--442\" data-addresses='[\"R. do Alecrim 45, 1200-014 Lisboa, Portugal\"]' data-pin=https:\/\/www.maisonbruyereetdavid.fr\/wp-includes\/images\/media\/default.png data-unique-id=442 data-height=538px><\/div>\n<\/div>[\/vc_column][\/vc_row][vc_row][vc_column width=\u00a0\u00bb1\/6&Prime;][vc_row_inner][vc_column_inner][\/vc_column_inner][\/vc_row_inner][\/vc_column][\/vc_row]<\/p>\n","protected":false},"excerpt":{"rendered":"<p>[vc_row row_content_width=\u00a0\u00bbgrid\u00a0\u00bb css=\u00a0\u00bb.vc_custom_1570451516908{padding-top: 135px !important;}\u00a0\u00bb][vc_column width=\u00a0\u00bb1\/6&Prime; offset=\u00a0\u00bbvc_col-lg-3\/5&Prime;][vc_empty_space height=\u00a0\u00bb22px\u00a0\u00bb][vc_empty_space height=\u00a0\u00bb15&Prime;][vc_empty_space height=\u00a0\u00bb30&Prime;][vc_empty_space height=\u00a0\u00bb15&Prime;][vc_empty_space height=\u00a0\u00bb30&Prime;][vc_empty_space height=\u00a0\u00bb10px\u00a0\u00bb][\/vc_column][\/vc_row][vc_row gap=\u00a0\u00bb30&Prime; row_content_width=\u00a0\u00bbgrid\u00a0\u00bb][vc_column offset=\u00a0\u00bbvc_col-lg-6&Prime; css=\u00a0\u00bb.vc_custom_1570451948659{margin-top: -12px !important;padding-top: 65px !important;padding-bottom: 125px !important;}\u00a0\u00bb column_responsive_padding_680=\u00a0\u00bb35px 4% 0px\u00a0\u00bb column_responsive_padding_1440=\u00a0\u00bb65px 0 95px\u00a0\u00bb column_responsive_padding_1366=\u00a0\u00bb65px 0 95px\u00a0\u00bb column_responsive_padding_1280=\u00a0\u00bb65px 0 95px\u00a0\u00bb column_responsive_padding_1024=\u00a0\u00bb65px 11% 15px 2%\u00a0\u00bb column_responsive_padding_768=\u00a0\u00bb65px 2% 15px\u00a0\u00bb][vc_empty_space height=\u00a0\u00bb15px\u00a0\u00bb][vc_empty_space][\/vc_column][vc_column offset=\u00a0\u00bbvc_col-lg-6&Prime; css=\u00a0\u00bb.vc_custom_1570451985904{padding-top: 65px !important;padding-bottom: 125px !important;}\u00a0\u00bb column_responsive_padding_680=\u00a0\u00bb40px 15px 125px\u00a0\u00bb][\/vc_column][\/vc_row][vc_row][vc_column width=\u00a0\u00bb1\/6&Prime;][vc_row_inner][vc_column_inner][\/vc_column_inner][\/vc_row_inner][\/vc_column][\/vc_row]<\/p>\n","protected":false},"author":1,"featured_media":1210,"parent":0,"menu_order":0,"comment_status":"closed","ping_status":"closed","template":"page-full-width.php","meta":[],"_links":{"self":[{"href":"https:\/\/www.maisonbruyereetdavid.fr\/index.php\/wp-json\/wp\/v2\/pages\/1209"}],"collection":[{"href":"https:\/\/www.maisonbruyereetdavid.fr\/index.php\/wp-json\/wp\/v2\/pages"}],"about":[{"href":"https:\/\/www.maisonbruyereetdavid.fr\/index.php\/wp-json\/wp\/v2\/types\/page"}],"author":[{"embeddable":true,"href":"https:\/\/www.maisonbruyereetdavid.fr\/index.php\/wp-json\/wp\/v2\/users\/1"}],"replies":[{"embeddable":true,"href":"https:\/\/www.maisonbruyereetdavid.fr\/index.php\/wp-json\/wp\/v2\/comments?post=1209"}],"version-history":[{"count":1,"href":"https:\/\/www.maisonbruyereetdavid.fr\/index.php\/wp-json\/wp\/v2\/pages\/1209\/revisions"}],"predecessor-version":[{"id":5172,"href":"https:\/\/www.maisonbruyereetdavid.fr\/index.php\/wp-json\/wp\/v2\/pages\/1209\/revisions\/5172"}],"wp:featuredmedia":[{"embeddable":true,"href":"https:\/\/www.maisonbruyereetdavid.fr\/index.php\/wp-json\/wp\/v2\/media\/1210"}],"wp:attachment":[{"href":"https:\/\/www.maisonbruyereetdavid.fr\/index.php\/wp-json\/wp\/v2\/media?parent=1209"}],"curies":[{"name":"wp","href":"https:\/\/api.w.org\/{rel}","templated":true}]}}