{"id":4825,"date":"2021-05-14T16:06:44","date_gmt":"2021-05-14T14:06:44","guid":{"rendered":"http:\/\/www.maisonbruyereetdavid.fr\/?post_type=product&#038;p=4825"},"modified":"2024-04-21T10:53:04","modified_gmt":"2024-04-21T08:53:04","slug":"saint-jsoeph-2019","status":"publish","type":"product","link":"https:\/\/www.maisonbruyereetdavid.fr\/index.php\/product\/saint-jsoeph-2019\/","title":{"rendered":"Saint Joseph blanc"},"content":{"rendered":"<p>C\u00e9pages: 50% Marsanne, 50% Roussanne<\/p>\n<p>Age: 35-40 ans<\/p>\n<p>Type de sol: granite<\/p>\n<p>Localisation : Ard\u00e8che, Charnas<\/p>\n<p>Densit\u00e9 de plantation: 4500 pieds\/ha<\/p>\n<p>Viticulture et \u00e9levage : vendange manuelle, vinification 100% demi-muids (1 \u00e0 3 vins)<\/p>\n<p>Elev\u00e9 pendant 12 mois<\/p>\n<p>&nbsp;<\/p>\n","protected":false},"excerpt":{"rendered":"<p><strong>\u00ab\u00a0Les Parcelles\u00a0\u00bb<\/strong>\u00a0Ce St Joseph d\u00e9veloppe un nez aux ar\u00f4mes de fruits jaunes, blancs et de fleurs. Belle complexit\u00e9 entre ces deux c\u00e9pages, alliant une min\u00e9ralit\u00e9 et rondeur.<\/p>\n<p>&nbsp;<\/p>\n<p>\u00c0 consommer\u00a03 \u00e0 5 ans.<\/p>\n<p>&nbsp;<\/p>\n","protected":false},"featured_media":5158,"template":"","meta":[],"_links":{"self":[{"href":"https:\/\/www.maisonbruyereetdavid.fr\/index.php\/wp-json\/wp\/v2\/product\/4825"}],"collection":[{"href":"https:\/\/www.maisonbruyereetdavid.fr\/index.php\/wp-json\/wp\/v2\/product"}],"about":[{"href":"https:\/\/www.maisonbruyereetdavid.fr\/index.php\/wp-json\/wp\/v2\/types\/product"}],"wp:featuredmedia":[{"embeddable":true,"href":"https:\/\/www.maisonbruyereetdavid.fr\/index.php\/wp-json\/wp\/v2\/media\/5158"}],"wp:attachment":[{"href":"https:\/\/www.maisonbruyereetdavid.fr\/index.php\/wp-json\/wp\/v2\/media?parent=4825"}],"curies":[{"name":"wp","href":"https:\/\/api.w.org\/{rel}","templated":true}]}}