{"id":5121,"date":"2023-01-29T18:07:22","date_gmt":"2023-01-29T17:07:22","guid":{"rendered":"https:\/\/www.maisonbruyereetdavid.fr\/?post_type=product&#038;p=5121"},"modified":"2024-04-21T11:00:49","modified_gmt":"2024-04-21T09:00:49","slug":"cote-rotie","status":"publish","type":"product","link":"https:\/\/www.maisonbruyereetdavid.fr\/index.php\/product\/cote-rotie\/","title":{"rendered":"C\u00f4te-R\u00f4tie"},"content":{"rendered":"<p>C\u00e9pages : 95% Syrah 5%Viognier<\/p>\n<div>\n<p>Type de Sol : Argile Schiste<\/p>\n<p>Localisation : Ampuis lieu dit \u00ab\u00a0Tartaras\u00a0\u00bb<\/p>\n<p>Densit\u00e9 de Plantation : 6000 pieds\/ha<\/p>\n<div>Viticulture et \u00e9levage : vendange manuelle, vinification 100% demi-muids ( 50% neuf et 50% de 5 \u00e0 6 vins), \u00e9lev\u00e9 pendant\u00a018 mois.<\/div>\n<div><\/div>\n<p>DISPONIBLE EN BOUTEILLE (75CL) ET MAGNUM (1,5L)<\/p>\n<\/div>\n","protected":false},"excerpt":{"rendered":"<p>Disponible en Mai 2024<\/p>\n","protected":false},"featured_media":0,"template":"","meta":[],"_links":{"self":[{"href":"https:\/\/www.maisonbruyereetdavid.fr\/index.php\/wp-json\/wp\/v2\/product\/5121"}],"collection":[{"href":"https:\/\/www.maisonbruyereetdavid.fr\/index.php\/wp-json\/wp\/v2\/product"}],"about":[{"href":"https:\/\/www.maisonbruyereetdavid.fr\/index.php\/wp-json\/wp\/v2\/types\/product"}],"wp:attachment":[{"href":"https:\/\/www.maisonbruyereetdavid.fr\/index.php\/wp-json\/wp\/v2\/media?parent=5121"}],"curies":[{"name":"wp","href":"https:\/\/api.w.org\/{rel}","templated":true}]}}